{"id":6,"date":"2015-02-02T21:24:00","date_gmt":"2015-02-02T19:24:00","guid":{"rendered":"http:\/\/rkus.li\/wordpress\/?page_id=6"},"modified":"2021-04-06T18:45:39","modified_gmt":"2021-04-06T16:45:39","slug":"ueber-mich","status":"publish","type":"page","link":"https:\/\/rkus.li\/wordpress\/?page_id=6","title":{"rendered":"\u00dcber mich"},"content":{"rendered":"<p><b>Ich habe die <\/b><b><a title=\"Wikipediaeintrag \u00fcber die H\u00e4mophilie\" href=\"http:\/\/de.wikipedia.org\/wiki\/H%C3%A4mophilie\" target=\"_blank\" rel=\"noopener noreferrer\">H\u00e4mophiliekrankheit<\/a><\/b><b> (wird im Sprachgebrauch auch als Bluterkrankheit bezeichnet) Typ A, 0% Faktor VIII, dies bedeutet vereinfacht, dass ich keinen Gerinnungsfaktor (Klebstoff) im Blut besitz<\/b>e.<\/p>\n<p><b>Viele meinen, dass ich an einer kleinen Verletzung verbluten kann, dem ist normalerweise nicht so, bei \u00e4usserlichen Verletzungen reicht ein \u00fcbliches Pflaster. Schlimm bis lebensbedrohlich k\u00f6nnen innerliche Blutungen wie Bauch- oder Hirnblutungen sein\/werden, viele Blutungen in den grossen Gelenken f\u00fchren zu starker Arthrose, diese treten am st\u00e4rksten in der Wachstum<\/b>sfase auf .<\/p>\n<p><b>Durch viele Bluterg\u00fcsse (spontan oder durch \u00dcberbelastung) in Arm-, Sprung- und Kniegelenken habe ich durch die Arthrose und Bewegungseinschr\u00e4nkungen (wer dies gerne in Arztdeutsch m\u00f6chte -&gt;; <\/b><u><b><a title=\"Bericht Inselspital\" href=\"http:\/\/incobe.ch\/webblog\/wp-content\/uploads\/2011\/12\/image1-1.jpg\" target=\"_blank\" rel=\"noopener noreferrer\">klicke hier<\/a><\/b><\/u><b>) .<\/b><\/p>\n<p><b>Die schlimmsten Bluterg\u00fcsse hatte ich in der Kinderzeit bis ca. 20 J\u00e4hrig.<\/b><\/p>\n<p><b>Tischtennis, Tanzen, Minigolf, Billard, Dart sind alles Sportarten die ich meistens intensiv ausgef\u00fchrt habe, solange bis meine Gelenke dies nicht mehr zugelassen haben, denn bei mir gilt: &#8222;wenn ich etwas mache, dann richtig&#8220;. <\/b><\/p>\n<p><b>Wenn eine Sportart nicht mehr so richtig gegangen ist (meistens durch Schmerzen durch langes Stehen, gleiche Bewegung, etc.) habe ich mich nach einer neuen Freizeitbesch\u00e4ftigung umgeschaut und auch immer eine gefunden.<\/b><\/p>\n<p><b>W\u00e4hrend der Zeit, als unsere Kinder klein waren, ist es bei mir sportlich sehr ruhig geworden und habe auch nichts gesucht bzw. nicht das Bed\u00fcrfnis gehabt etwas machen zu m\u00fcssen.<\/b><\/p>\n<p><b>In den Sommerferien 2007 auf <\/b><b><a href=\"http:\/\/www.norderney.de\/\">Norderney<\/a><\/b><b>, haben wir f\u00fcr 10 Tage Fahrr\u00e4der gemietet und sind so auf der Insel herumgekurvt. Ich stellte mit Freude fest, dass ich weder Schmerzen noch Bluterg\u00fcsse bekam. <\/b><\/p>\n<p><b>Kaum Zuhause nahm ich mein Fahrrad aus dem Keller und wir machten die ersten kleine Familienrunden, dies ohne k\u00f6rperliche Probleme zu bekommen. Im Herbst 2007 haben wir den SlowUp Emmental gefahren und im Fr\u00fchling habe ich mir ein Bike zugelegt.<\/b><\/p>\n<p><b>Seither fahre ich soviel als m\u00f6glich und dies ohne Schmerzen. So kann ich mich mit der Familie, Freunden und Kollegen auf so manche sch\u00f6ne Tour begeben und bin richtig &#8222;dabei&#8220;.<\/b><\/p>\n<p><i>Update Ende November 2017<\/i><\/p>\n<p>Nach 10 Jahren Biken mit 100% Muskelnkraft, 45&#8217;000 zur\u00fcckgelegten Kilometer und erklommen 500&#8217;000 H\u00f6henmeter, hab ich Anfang Sommer ein Flyer E-Bike in meine Bikeflotte aufgenommen und mache ab und zu damit die Gegend unsicher&#8230;<\/p>\n<p><img decoding=\"async\" class=\"size-full\" data-wpid=\"243\" src=\"http:\/\/rkus.li\/wordpress\/wp-content\/uploads\/2017\/11\/IMG_20171008_143236_887-1.jpg\"><\/p>\n<p>Damit kann ich die reduzierte Zeit zum Biken optimaler nutzen. Fahre mit einem ges\u00fcnderen Puls, kann uphill mehr fahren, da ich mich sicherer F\u00fchle weil in der Not immer Kraft vorhanden ist&#8230;<\/p>\n<p>Seit einiger Zeit hab ich wieder mit Tanzen begonnen. Auch funktioniert das bergauf Wandern sehr gut&#8230;<\/p>\n<p>Noch was Neues<\/p>\n<p><a target=\"_blank\" rel=\"noopener noreferrer\" href=\"https:\/\/rkus.li\/wordpress\/?p=1914\">Meine neuen Kniegelenke<\/a><\/p>\n<p>Wie und was mit den neuen Kniegelenken m\u00f6glich ist, bin ich gespannt. Die Grenzen werden mir wohl ab jetzt die Fuss- und Armgelenke setzen. Mal schauen und Freude haben an dem was geht!<\/p>\n<p><b>Was ich\/wir schon alles unter die R\u00e4der genommen haben kannst Du auf meiner Website fast live mit verfolgen.<\/b><\/p>\n<p><b>Hast Du Fragen oder Bemerkungen mache bitte einen Kommentar bei einem Bericht und ich werde rasch\u00f6glichst Antworten.<\/b><\/p>\n<p><b>Nun w\u00fcnsche ich viel Freude auf meiner Site<\/b><\/p>\n<p><b>Markus<\/b><\/p>\n<p>[cycloneslider id=&#8220;230&#8243;]<\/p>\n","protected":false},"excerpt":{"rendered":"<p>Ich habe die H\u00e4mophiliekrankheit (wird im Sprachgebrauch auch als Bluterkrankheit bezeichnet) Typ A, 0% Faktor VIII, dies bedeutet vereinfacht, dass ich keinen Gerinnungsfaktor (Klebstoff) im Blut besitze. Viele meinen, dass ich an einer kleinen Verletzung verbluten kann, dem ist normalerweise nicht so, bei \u00e4usserlichen Verletzungen reicht ein \u00fcbliches Pflaster. Schlimm bis lebensbedrohlich k\u00f6nnen innerliche Blutungen wie Bauch- oder Hirnblutungen sein\/werden,<\/p>\n","protected":false},"author":2,"featured_media":0,"parent":0,"menu_order":0,"comment_status":"closed","ping_status":"open","template":"","meta":{"footnotes":""},"class_list":["post-6","page","type-page","status-publish","hentry"],"jetpack_sharing_enabled":true,"_links":{"self":[{"href":"https:\/\/rkus.li\/wordpress\/index.php?rest_route=\/wp\/v2\/pages\/6","targetHints":{"allow":["GET"]}}],"collection":[{"href":"https:\/\/rkus.li\/wordpress\/index.php?rest_route=\/wp\/v2\/pages"}],"about":[{"href":"https:\/\/rkus.li\/wordpress\/index.php?rest_route=\/wp\/v2\/types\/page"}],"author":[{"embeddable":true,"href":"https:\/\/rkus.li\/wordpress\/index.php?rest_route=\/wp\/v2\/users\/2"}],"replies":[{"embeddable":true,"href":"https:\/\/rkus.li\/wordpress\/index.php?rest_route=%2Fwp%2Fv2%2Fcomments&post=6"}],"version-history":[{"count":16,"href":"https:\/\/rkus.li\/wordpress\/index.php?rest_route=\/wp\/v2\/pages\/6\/revisions"}],"predecessor-version":[{"id":3624,"href":"https:\/\/rkus.li\/wordpress\/index.php?rest_route=\/wp\/v2\/pages\/6\/revisions\/3624"}],"wp:attachment":[{"href":"https:\/\/rkus.li\/wordpress\/index.php?rest_route=%2Fwp%2Fv2%2Fmedia&parent=6"}],"curies":[{"name":"wp","href":"https:\/\/api.w.org\/{rel}","templated":true}]}}